{"id":5702,"date":"2020-05-21T18:10:57","date_gmt":"2020-05-21T16:10:57","guid":{"rendered":"https:\/\/www.racc.es\/microsites\/?page_id=5702"},"modified":"2020-06-08T10:07:23","modified_gmt":"2020-06-08T08:07:23","slug":"dibujos-racc","status":"publish","type":"page","link":"https:\/\/www.racc.es\/microsites\/dibujos-racc\/","title":{"rendered":"Dibujos RACC"},"content":{"rendered":"<div class=\"fusion-fullwidth fullwidth-box fusion-builder-row-1 flex-verticaly-centered nonhundred-percent-fullwidth non-hundred-percent-height-scrolling\" style=\"--awb-border-radius-top-left:0px;--awb-border-radius-top-right:0px;--awb-border-radius-bottom-right:0px;--awb-border-radius-bottom-left:0px;--awb-padding-top:0px;\" ><div class=\"fusion-builder-row fusion-row\"><div class=\"fusion-layout-column fusion_builder_column fusion-builder-column-0 fusion_builder_column_1_2 1_2 fusion-one-half fusion-column-first text-white hero-with-text\" style=\"--awb-padding-bottom:4%;--awb-bg-size:cover;width:50%;width:calc(50% - ( ( 4% ) * 0.5 ) );margin-right: 4%;\"><div class=\"fusion-column-wrapper fusion-column-has-shadow fusion-flex-column-wrapper-legacy\"><div class=\"fusion-text fusion-text-1\"><h1 style=\"color: #000000;\">\u00a1Pinta y colorea con el RACC!<\/h1>\n<\/div><div class=\"fusion-sep-clear\"><\/div><div class=\"fusion-separator fusion-full-width-sep\" style=\"margin-left: auto;margin-right: auto;margin-top:24px;width:100%;\"><\/div><div class=\"fusion-sep-clear\"><\/div><div class=\"awb-gallery-wrapper awb-gallery-wrapper-1 button-span-no\"><div style=\"margin:-5px;--awb-bordersize:0px;\" class=\"fusion-gallery fusion-gallery-container fusion-grid-3 fusion-columns-total-6 fusion-gallery-layout-grid fusion-gallery-1\"><div style=\"padding:5px;\" class=\"fusion-grid-column fusion-gallery-column fusion-gallery-column-3 hover-type-none\"><div class=\"fusion-gallery-image\"><img decoding=\"async\" src=\"https:\/\/www.racc.es\/wp-content\/microsites\/wp-content\/uploads\/2020\/05\/dibujos-racc-1.jpg\" width=\"171\" height=\"140\" alt=\"\" title=\"dibujos-racc-1\" aria-label=\"dibujos-racc-1\" class=\"img-responsive wp-image-5708\"  \/><\/div><\/div><div style=\"padding:5px;\" class=\"fusion-grid-column fusion-gallery-column fusion-gallery-column-3 hover-type-none\"><div class=\"fusion-gallery-image\"><img decoding=\"async\" src=\"https:\/\/www.racc.es\/wp-content\/microsites\/wp-content\/uploads\/2020\/05\/dibujos-racc-2.jpg\" width=\"170\" height=\"140\" alt=\"\" title=\"dibujos-racc-2\" aria-label=\"dibujos-racc-2\" class=\"img-responsive wp-image-5712\"  \/><\/div><\/div><div style=\"padding:5px;\" class=\"fusion-grid-column fusion-gallery-column fusion-gallery-column-3 hover-type-none\"><div class=\"fusion-gallery-image\"><img decoding=\"async\" src=\"https:\/\/www.racc.es\/wp-content\/microsites\/wp-content\/uploads\/2020\/05\/dibujos-racc-3.jpg\" width=\"171\" height=\"140\" alt=\"\" title=\"dibujos-racc-3\" aria-label=\"dibujos-racc-3\" class=\"img-responsive wp-image-5710\"  \/><\/div><\/div><div class=\"clearfix\"><\/div><div style=\"padding:5px;\" class=\"fusion-grid-column fusion-gallery-column fusion-gallery-column-3 hover-type-none\"><div class=\"fusion-gallery-image\"><img decoding=\"async\" src=\"https:\/\/www.racc.es\/wp-content\/microsites\/wp-content\/uploads\/2020\/05\/dibujos-racc-4.jpg\" width=\"171\" height=\"140\" alt=\"\" title=\"dibujos-racc-4\" aria-label=\"dibujos-racc-4\" class=\"img-responsive wp-image-5714\"  \/><\/div><\/div><div style=\"padding:5px;\" class=\"fusion-grid-column fusion-gallery-column fusion-gallery-column-3 hover-type-none\"><div class=\"fusion-gallery-image\"><img decoding=\"async\" src=\"https:\/\/www.racc.es\/wp-content\/microsites\/wp-content\/uploads\/2020\/05\/dibujos-racc-5.jpg\" width=\"174\" height=\"145\" alt=\"\" title=\"dibujos-racc-5\" aria-label=\"dibujos-racc-5\" class=\"img-responsive wp-image-5716\"  \/><\/div><\/div><div style=\"padding:5px;\" class=\"fusion-grid-column fusion-gallery-column fusion-gallery-column-3 hover-type-none\"><div class=\"fusion-gallery-image\"><img decoding=\"async\" src=\"https:\/\/www.racc.es\/wp-content\/microsites\/wp-content\/uploads\/2020\/05\/dibujos-racc-6.jpg\" width=\"170\" height=\"144\" alt=\"\" title=\"dibujos-racc-6\" aria-label=\"dibujos-racc-6\" class=\"img-responsive wp-image-5718\"  \/><\/div><\/div><div class=\"clearfix\"><\/div><\/div><\/div><div class=\"fusion-sep-clear\"><\/div><div class=\"fusion-separator fusion-full-width-sep\" style=\"margin-left: auto;margin-right: auto;margin-top:24px;width:100%;\"><\/div><div class=\"fusion-sep-clear\"><\/div><div class=\"fusion-text fusion-text-2\"><p style=\"line-height: 1.625rem; font-size: 1.3622rem; margin-bottom: 0; color: #000000;\">Toca quedarse en casa, pero no por ello tenemos que dejar de divertirnos. <strong>Pongamos color a estos d\u00edas<\/strong> y juguemos con los m\u00e1s peque\u00f1os.<\/p>\n<p style=\"line-height: 1.625rem; font-size: 1.3622rem; margin-bottom: 0; color: #000000;\">\u00a1Desc\u00e1rgate los <strong>9 dibujos del RACC<\/strong>, adivina qu\u00e9 es cada uno y color\u00e9alo como m\u00e1s te guste!<\/p>\n<\/div><div class=\"fusion-clearfix\"><\/div><\/div><\/div><div class=\"fusion-layout-column fusion_builder_column fusion-builder-column-1 fusion_builder_column_1_2 1_2 fusion-one-half fusion-column-last hero-white-box beige\" style=\"--awb-bg-size:cover;width:50%;width:calc(50% - ( ( 4% ) * 0.5 ) );\"><div class=\"fusion-column-wrapper fusion-column-has-shadow fusion-flex-column-wrapper-legacy\"><div class=\"fusion-text fusion-text-3\"><p style=\"text-align: center;\"><strong>\u00bfQuieres los dibujos del RACC?<\/strong><\/p>\n<p style=\"text-align: center;\">Deja tu e-mail y desc\u00e1rgate las ilustraciones.<\/p>\n<\/div><div class=\"fusion-clearfix\"><\/div><\/div><\/div><\/div><\/div>\n","protected":false},"excerpt":{"rendered":"","protected":false},"author":12,"featured_media":0,"parent":0,"menu_order":0,"comment_status":"closed","ping_status":"closed","template":"","meta":{"footnotes":""},"wf_page_folders":[102],"class_list":["post-5702","page","type-page","status-publish","hentry"],"_links":{"self":[{"href":"https:\/\/www.racc.es\/microsites\/wp-json\/wp\/v2\/pages\/5702","targetHints":{"allow":["GET"]}}],"collection":[{"href":"https:\/\/www.racc.es\/microsites\/wp-json\/wp\/v2\/pages"}],"about":[{"href":"https:\/\/www.racc.es\/microsites\/wp-json\/wp\/v2\/types\/page"}],"author":[{"embeddable":true,"href":"https:\/\/www.racc.es\/microsites\/wp-json\/wp\/v2\/users\/12"}],"replies":[{"embeddable":true,"href":"https:\/\/www.racc.es\/microsites\/wp-json\/wp\/v2\/comments?post=5702"}],"version-history":[{"count":0,"href":"https:\/\/www.racc.es\/microsites\/wp-json\/wp\/v2\/pages\/5702\/revisions"}],"wp:attachment":[{"href":"https:\/\/www.racc.es\/microsites\/wp-json\/wp\/v2\/media?parent=5702"}],"wp:term":[{"taxonomy":"wf_page_folders","embeddable":true,"href":"https:\/\/www.racc.es\/microsites\/wp-json\/wp\/v2\/wf_page_folders?post=5702"}],"curies":[{"name":"wp","href":"https:\/\/api.w.org\/{rel}","templated":true}]}}