{"id":7029,"date":"2020-06-01T16:07:13","date_gmt":"2020-06-01T14:07:13","guid":{"rendered":"https:\/\/www.racc.es\/microsites\/?page_id=7029"},"modified":"2020-06-02T09:30:27","modified_gmt":"2020-06-02T07:30:27","slug":"comunicado-covid-19","status":"publish","type":"page","link":"https:\/\/www.racc.es\/microsites\/comunicado-covid19\/","title":{"rendered":"Comunicado Covid-19"},"content":{"rendered":"<p><div class=\"fusion-fullwidth fullwidth-box fusion-builder-row-1 hundred-percent-fullwidth non-hundred-percent-height-scrolling\" style=\"--awb-border-radius-top-left:0px;--awb-border-radius-top-right:0px;--awb-border-radius-bottom-right:0px;--awb-border-radius-bottom-left:0px;--awb-padding-top:0px;--awb-padding-right:0px;--awb-padding-bottom:0px;--awb-padding-left:0px;\" ><div class=\"fusion-builder-row fusion-row\"><div class=\"fusion-layout-column fusion_builder_column fusion-builder-column-0 fusion_builder_column_1_1 1_1 fusion-one-full fusion-column-first fusion-column-last\" style=\"--awb-bg-size:cover;\"><div class=\"fusion-column-wrapper fusion-column-has-shadow fusion-flex-column-wrapper-legacy\"><div class=\"fusion-image-element fusion-image-align-center in-legacy-container\" style=\"text-align:center;\"><div class=\"imageframe-align-center\"><span class=\" fusion-imageframe imageframe-none imageframe-1 hover-type-none\"><img decoding=\"async\" width=\"144\" height=\"144\" title=\"LogoRACC-144\" src=\"https:\/\/www.racc.es\/microsites\/wp-content\/uploads\/2020\/04\/LogoRACC-144.jpg\" alt class=\"img-responsive wp-image-4138\" srcset=\"https:\/\/www.racc.es\/wp-content\/microsites\/wp-content\/uploads\/2020\/04\/LogoRACC-144-66x66.jpg 66w, https:\/\/www.racc.es\/wp-content\/microsites\/wp-content\/uploads\/2020\/04\/LogoRACC-144.jpg 144w\" sizes=\"(max-width: 144px) 100vw, 144px\" \/><\/span><\/div><\/div><div class=\"fusion-clearfix\"><\/div><\/div><\/div><\/div><\/div><div class=\"fusion-fullwidth fullwidth-box fusion-builder-row-2 nonhundred-percent-fullwidth non-hundred-percent-height-scrolling\" style=\"--awb-border-radius-top-left:0px;--awb-border-radius-top-right:0px;--awb-border-radius-bottom-right:0px;--awb-border-radius-bottom-left:0px;--awb-padding-top:30px;\" ><div class=\"fusion-builder-row fusion-row\"><div class=\"fusion-layout-column fusion_builder_column fusion-builder-column-1 fusion_builder_column_1_1 1_1 fusion-one-full fusion-column-first fusion-column-last\" style=\"--awb-bg-size:cover;\"><div class=\"fusion-column-wrapper fusion-column-has-shadow fusion-flex-column-wrapper-legacy\"><div class=\"fusion-text fusion-text-1\"><p class=\"x_794e8057 x_8a3aff37\" style=\"text-align: left;\">Queremos informarle de que, dada la expansi\u00f3n del COVID-19 en todo el mundo y concretamente en nuestro pa\u00eds, estamos reforzando nuestros equipos intentando mantener el mismo nivel de servicio y la calidad habitual para estar al lado de todos ustedes como siempre.<\/p>\n<p class=\"x_794e8057 x_8a3aff37\" style=\"text-align: left;\">Como es natural, en cada caso, estamos siguiendo las indicaciones de las autoridades locales y tambi\u00e9n las de todos aquellos pa\u00edses en los que operamos y en donde nuestros socios est\u00e1n viajando por si nos pueden necesitar.<\/p>\n<p class=\"x_794e8057 x_8a3aff37\" style=\"text-align: left;\">En el caso de que requiera un servicio de asistencia mec\u00e1nica o un servicio de asistencia en el hogar, le rogamos que siga los protocolos establecidos para su seguridad y la de nuestros profesionales, como mantener la distancia f\u00edsica, evitar dar la mano y usar gel hidroalcoh\u00f3lico.<\/p>\n<p class=\"x_794e8057 x_8a3aff37\" style=\"text-align: left;\">En el caso de que necesite nuestro servicio m\u00e9dico telef\u00f3nico, estamos trabajando para intentar dar respuesta a la actual avalancha de llamadas que estamos recibiendo, prioriz\u00e1ndolas para que el nivel de afectaci\u00f3n del servicio sea el m\u00ednimo posible, dadas las circunstancias excepcionales de emergencia sanitaria.<\/p>\n<p class=\"x_794e8057 x_8a3aff37\" style=\"text-align: left;\">Desde el RACC estamos tomando medidas para reducir al m\u00e1ximo el impacto de las restricciones decretadas por las administraciones en todos los servicios que les prestamos, y aprovechamos para informarle de que nuestros canales telef\u00f3nicos y online funcionan con total normalidad. Asimismo,\u00a0todas las\u00a0gestiones comerciales las puede realizar a trav\u00e9s del tel\u00e9fono de informaci\u00f3n RACC, 900 357 357, i si necesita un servicio de asistencia puede llamar al\u00a0900 242 242.<\/p>\n<p class=\"x_794e8057 x_8a3aff37\" style=\"text-align: left;\">En la medida de lo posible, le recomendamos reducir los desplazamientos y realizar exclusivamente aquellos que sean estrictamente imprescindibles, tal y como est\u00e1n pidiendo las autoridades de nuestro pa\u00eds.<\/p>\n<p class=\"x_794e8057 x_8a3aff37\" style=\"text-align: left;\">Esperando que esta situaci\u00f3n se normalice lo antes posible, quiero agradecerle su colaboraci\u00f3n y comprensi\u00f3n. Cuente con que, como siempre, los m\u00e1s de 1.400 profesionales del Club, desde su puesto de trabajo o desde su domicilio, mediante un plan de teletrabajo que hemos puesto en marcha, estaremos a su lado.<\/p>\n<\/div><div class=\"fusion-clearfix\"><\/div><\/div><\/div><\/div><\/div><\/p>\n","protected":false},"excerpt":{"rendered":"","protected":false},"author":12,"featured_media":0,"parent":0,"menu_order":0,"comment_status":"closed","ping_status":"closed","template":"","meta":{"footnotes":""},"wf_page_folders":[102],"class_list":["post-7029","page","type-page","status-publish","hentry"],"_links":{"self":[{"href":"https:\/\/www.racc.es\/microsites\/wp-json\/wp\/v2\/pages\/7029","targetHints":{"allow":["GET"]}}],"collection":[{"href":"https:\/\/www.racc.es\/microsites\/wp-json\/wp\/v2\/pages"}],"about":[{"href":"https:\/\/www.racc.es\/microsites\/wp-json\/wp\/v2\/types\/page"}],"author":[{"embeddable":true,"href":"https:\/\/www.racc.es\/microsites\/wp-json\/wp\/v2\/users\/12"}],"replies":[{"embeddable":true,"href":"https:\/\/www.racc.es\/microsites\/wp-json\/wp\/v2\/comments?post=7029"}],"version-history":[{"count":0,"href":"https:\/\/www.racc.es\/microsites\/wp-json\/wp\/v2\/pages\/7029\/revisions"}],"wp:attachment":[{"href":"https:\/\/www.racc.es\/microsites\/wp-json\/wp\/v2\/media?parent=7029"}],"wp:term":[{"taxonomy":"wf_page_folders","embeddable":true,"href":"https:\/\/www.racc.es\/microsites\/wp-json\/wp\/v2\/wf_page_folders?post=7029"}],"curies":[{"name":"wp","href":"https:\/\/api.w.org\/{rel}","templated":true}]}}